{"id":29683,"date":"2023-11-24T16:51:50","date_gmt":"2023-11-24T15:51:50","guid":{"rendered":"https:\/\/dev.mcshirt.ch\/?page_id=29683"},"modified":"2024-11-05T11:30:20","modified_gmt":"2024-11-05T10:30:20","slug":"magasins","status":"publish","type":"page","link":"https:\/\/dev.mcshirt.ch\/de\/magasins\/","title":{"rendered":"Ladengesch\u00e4fte"},"content":{"rendered":"<div data-elementor-type=\"wp-page\" data-elementor-id=\"29683\" class=\"elementor elementor-29683\" data-elementor-post-type=\"page\">\n\t\t\t\t<div class=\"elementor-element elementor-element-3f79ba4 e-flex e-con-boxed e-con e-parent\" data-id=\"3f79ba4\" data-element_type=\"container\" data-settings=\"{&quot;background_background&quot;:&quot;classic&quot;}\">\n\t\t\t\t\t<div class=\"e-con-inner\">\n\t\t\t\t<div class=\"elementor-element elementor-element-28c2216 elementor-widget elementor-widget-heading\" data-id=\"28c2216\" data-element_type=\"widget\" data-widget_type=\"heading.default\">\n\t\t\t\t\t<h1 class=\"elementor-heading-title elementor-size-default\">LADENGESCH\u00c4FTE<\/h1>\t\t\t\t<\/div>\n\t\t\t\t\t<\/div>\n\t\t\t\t<\/div>\n\t\t<div class=\"elementor-element elementor-element-f5ec9a4 e-flex e-con-boxed e-con e-parent\" data-id=\"f5ec9a4\" data-element_type=\"container\">\n\t\t\t\t\t<div class=\"e-con-inner\">\n\t\t\t\t<div class=\"elementor-element elementor-element-0294fbd elementor-widget elementor-widget-text-editor\" data-id=\"0294fbd\" data-element_type=\"widget\" data-widget_type=\"text-editor.default\">\n\t\t\t\t\t\t\t\t\t<p>F\u00fcr aufwendigere Projekte kann ein pers\u00f6nlicher Kontakt vorteilhafter sein.<br \/>In unseren L\u00e4den werden Sie kompetent beraten und unsere M\u00f6glichkeiten werden Ihnen erl\u00e4utert.<br \/>Eine reiche Auswahl von Textilien f\u00fcr jedes Budget steht zur Verf\u00fcgung.<\/p>\t\t\t\t\t\t\t\t<\/div>\n\t\t\t\t\t<\/div>\n\t\t\t\t<\/div>\n\t\t<div class=\"elementor-element elementor-element-882bc98 e-flex e-con-boxed e-con e-parent\" data-id=\"882bc98\" data-element_type=\"container\">\n\t\t\t\t\t<div class=\"e-con-inner\">\n\t\t<div class=\"elementor-element elementor-element-f591492 e-flex e-con-boxed e-con e-child\" data-id=\"f591492\" data-element_type=\"container\">\n\t\t\t\t\t<div class=\"e-con-inner\">\n\t\t<div class=\"elementor-element elementor-element-f71bdfd e-con-full e-flex e-con e-child\" data-id=\"f71bdfd\" data-element_type=\"container\">\n\t\t\t\t<div class=\"elementor-element elementor-element-a5d6a54 elementor-widget elementor-widget-text-editor\" data-id=\"a5d6a54\" data-element_type=\"widget\" data-widget_type=\"text-editor.default\">\n\t\t\t\t\t\t\t\t\t<h2><strong><span style=\"color: #e01f22;\">Mc SHIRT ZURICH<\/span><\/strong><\/h2><ul><li>Stampfenbachstrasse 42<\/li><li>8006 Z\u00fcrich<\/li><li>Tel. 044 261 29 39<\/li><li><span style=\"color: #e01f22;\"><strong>\u00d6ffnungszeiten :<\/strong><\/span><br \/>Montag bis Freitag :<br \/>10h00 bis 18h30<\/li><li><span style=\"color: #e01f22;\"><a style=\"color: #e01f22;\" href=\"mailto:zurich@mcshirt.ch\">zurich@mcshirt.ch<\/a><\/span><\/li><\/ul>\t\t\t\t\t\t\t\t<\/div>\n\t\t\t\t<\/div>\n\t\t<div class=\"elementor-element elementor-element-86a933a e-con-full e-flex e-con e-child\" data-id=\"86a933a\" data-element_type=\"container\">\n\t\t\t\t<div class=\"elementor-element elementor-element-fab8edb elementor-widget elementor-widget-image\" data-id=\"fab8edb\" data-element_type=\"widget\" data-widget_type=\"image.default\">\n\t\t\t\t\t\t\t\t\t\t\t\t\t\t\t<img decoding=\"async\" src=\"https:\/\/dev.mcshirt.ch\/wp-content\/uploads\/2023\/12\/ib_magasins_zu_570x450.png\" title=\"ib_magasins_zu_570x450\" alt=\"ib_magasins_zu_570x450\" loading=\"lazy\" \/>\t\t\t\t\t\t\t\t\t\t\t\t\t\t\t<\/div>\n\t\t\t\t<\/div>\n\t\t\t\t\t<\/div>\n\t\t\t\t<\/div>\n\t\t\t\t\t<\/div>\n\t\t\t\t<\/div>\n\t\t<div class=\"elementor-element elementor-element-64d702b e-flex e-con-boxed e-con e-parent\" data-id=\"64d702b\" data-element_type=\"container\">\n\t\t\t\t\t<div class=\"e-con-inner\">\n\t\t\t\t<div class=\"elementor-element elementor-element-cb744bc elementor-widget elementor-widget-google_maps\" data-id=\"cb744bc\" data-element_type=\"widget\" data-widget_type=\"google_maps.default\">\n\t\t\t\t\t\t\t<div class=\"elementor-custom-embed\">\n\t\t\t<iframe loading=\"lazy\"\n\t\t\t\t\tsrc=\"https:\/\/maps.google.com\/maps?q=Stampfenbachstrasse%2042%2C%208006%20Zurich&#038;t=m&#038;z=16&#038;output=embed&#038;iwloc=near\"\n\t\t\t\t\ttitle=\"Stampfenbachstrasse 42, 8006 Zurich\"\n\t\t\t\t\taria-label=\"Stampfenbachstrasse 42, 8006 Zurich\"\n\t\t\t><\/iframe>\n\t\t<\/div>\n\t\t\t\t\t\t<\/div>\n\t\t\t\t\t<\/div>\n\t\t\t\t<\/div>\n\t\t<div class=\"elementor-element elementor-element-60bc869 e-flex e-con-boxed e-con e-parent\" data-id=\"60bc869\" data-element_type=\"container\">\n\t\t\t\t\t<div class=\"e-con-inner\">\n\t\t\t\t<div class=\"elementor-element elementor-element-d67eb1e elementor-widget-divider--view-line elementor-widget elementor-widget-divider\" data-id=\"d67eb1e\" data-element_type=\"widget\" data-widget_type=\"divider.default\">\n\t\t\t\t\t\t\t<div class=\"elementor-divider\">\n\t\t\t<span class=\"elementor-divider-separator\">\n\t\t\t\t\t\t<\/span>\n\t\t<\/div>\n\t\t\t\t\t\t<\/div>\n\t\t\t\t\t<\/div>\n\t\t\t\t<\/div>\n\t\t<div class=\"elementor-element elementor-element-28abe43 e-flex e-con-boxed e-con e-parent\" data-id=\"28abe43\" data-element_type=\"container\">\n\t\t\t\t\t<div class=\"e-con-inner\">\n\t\t<div class=\"elementor-element elementor-element-939e3f1 e-con-full e-flex e-con e-child\" data-id=\"939e3f1\" data-element_type=\"container\">\n\t\t\t\t<div class=\"elementor-element elementor-element-fe19001 elementor-widget elementor-widget-text-editor\" data-id=\"fe19001\" data-element_type=\"widget\" data-widget_type=\"text-editor.default\">\n\t\t\t\t\t\t\t\t\t<h2><strong><span style=\"color: #e01f22;\">Mc SHIRT FACTORY GENF<\/span><\/strong><\/h2><ul><li>Av. des Communes-R\u00e9unies 66<\/li><li>1212 Lancy<\/li><li>Tel. 022 731 53 69<\/li><li><span style=\"color: #e01f22;\"><strong>\u00d6ffnungszeiten :<\/strong><\/span><br \/>Montag bis Freitag :<br \/>8h00 \u00e0 18h00<br \/>Samstag :<br \/>Geschlossen<\/li><li><span style=\"color: #e01f22;\"><a style=\"color: #e01f22;\" href=\"mailto:geneve@mcshirt.ch\">geneve@mcshirt.ch<\/a><\/span><\/li><\/ul>\t\t\t\t\t\t\t\t<\/div>\n\t\t\t\t<\/div>\n\t\t<div class=\"elementor-element elementor-element-c1551af e-con-full e-flex e-con e-child\" data-id=\"c1551af\" data-element_type=\"container\">\n\t\t\t\t<div class=\"elementor-element elementor-element-dcf842d elementor-widget elementor-widget-image\" data-id=\"dcf842d\" data-element_type=\"widget\" data-widget_type=\"image.default\">\n\t\t\t\t\t\t\t\t\t\t\t\t\t\t\t<img decoding=\"async\" src=\"https:\/\/dev.mcshirt.ch\/wp-content\/uploads\/2023\/12\/ib_magasins_ge_570x450.png\" title=\"ib_magasins_ge_570x450\" alt=\"ib_magasins_ge_570x450\" loading=\"lazy\" \/>\t\t\t\t\t\t\t\t\t\t\t\t\t\t\t<\/div>\n\t\t\t\t<\/div>\n\t\t\t\t\t<\/div>\n\t\t\t\t<\/div>\n\t\t<div class=\"elementor-element elementor-element-2473a4a e-flex e-con-boxed e-con e-parent\" data-id=\"2473a4a\" data-element_type=\"container\">\n\t\t\t\t\t<div class=\"e-con-inner\">\n\t\t\t\t<div class=\"elementor-element elementor-element-611997b elementor-widget elementor-widget-google_maps\" data-id=\"611997b\" data-element_type=\"widget\" data-widget_type=\"google_maps.default\">\n\t\t\t\t\t\t\t<div class=\"elementor-custom-embed\">\n\t\t\t<iframe loading=\"lazy\"\n\t\t\t\t\tsrc=\"https:\/\/maps.google.com\/maps?q=Av.%20des%20Communes-R%C3%A9unies%2066%2C%201212%20Grand%20Lancy&#038;t=m&#038;z=16&#038;output=embed&#038;iwloc=near\"\n\t\t\t\t\ttitle=\"Av. des Communes-R\u00e9unies 66, 1212 Grand Lancy\"\n\t\t\t\t\taria-label=\"Av. des Communes-R\u00e9unies 66, 1212 Grand Lancy\"\n\t\t\t><\/iframe>\n\t\t<\/div>\n\t\t\t\t\t\t<\/div>\n\t\t\t\t\t<\/div>\n\t\t\t\t<\/div>\n\t\t<div class=\"elementor-element elementor-element-4e052c9 e-con-full e-flex e-con e-parent\" data-id=\"4e052c9\" data-element_type=\"container\">\n\t\t\t\t<div class=\"elementor-element elementor-element-bd4fc14 elementor-widget-divider--view-line elementor-widget elementor-widget-divider\" data-id=\"bd4fc14\" data-element_type=\"widget\" data-widget_type=\"divider.default\">\n\t\t\t\t\t\t\t<div class=\"elementor-divider\">\n\t\t\t<span class=\"elementor-divider-separator\">\n\t\t\t\t\t\t<\/span>\n\t\t<\/div>\n\t\t\t\t\t\t<\/div>\n\t\t\t\t<\/div>\n\t\t<div class=\"elementor-element elementor-element-8168965 e-flex e-con-boxed e-con e-parent\" data-id=\"8168965\" data-element_type=\"container\">\n\t\t\t\t\t<div class=\"e-con-inner\">\n\t\t<div class=\"elementor-element elementor-element-aa65f1e e-flex e-con-boxed e-con e-child\" data-id=\"aa65f1e\" data-element_type=\"container\">\n\t\t\t\t\t<div class=\"e-con-inner\">\n\t\t<div class=\"elementor-element elementor-element-0188405 e-con-full e-flex e-con e-child\" data-id=\"0188405\" data-element_type=\"container\">\n\t\t\t\t<div class=\"elementor-element elementor-element-8ad1784 elementor-widget elementor-widget-text-editor\" data-id=\"8ad1784\" data-element_type=\"widget\" data-widget_type=\"text-editor.default\">\n\t\t\t\t\t\t\t\t\t<h2><strong><span style=\"color: #e01f22;\">Mc SHIRT VALAIS<\/span><\/strong><\/h2><ul><li>Rte du Moulin 56<\/li><li>3977 Granges<\/li><li>Tel. 027 205 60 20<\/li><li><span style=\"color: #e01f22;\"><strong>\u00d6ffnungszeiten :<\/strong><\/span><br \/>Montag bis Freitag :<br \/>8h00 a 12h00 \/ 13h30 a 17h30<br \/>Samstag :<br \/>nach Vereinbarung<\/li><li><span style=\"color: #e01f22;\"><a style=\"color: #e01f22;\" href=\"mailto:info@mcshirt.ch\">info@mcshirt.ch<\/a><\/span><\/li><\/ul>\t\t\t\t\t\t\t\t<\/div>\n\t\t\t\t<\/div>\n\t\t<div class=\"elementor-element elementor-element-ca635a8 e-con-full e-flex e-con e-child\" data-id=\"ca635a8\" data-element_type=\"container\">\n\t\t\t\t<div class=\"elementor-element elementor-element-4449b80 elementor-widget elementor-widget-image\" data-id=\"4449b80\" data-element_type=\"widget\" data-widget_type=\"image.default\">\n\t\t\t\t\t\t\t\t\t\t\t\t\t\t\t<img decoding=\"async\" src=\"https:\/\/dev.mcshirt.ch\/wp-content\/uploads\/2023\/12\/ib_magasins_vs_570x450.png\" title=\"ib_magasins_vs_570x450\" alt=\"ib_magasins_vs_570x450\" loading=\"lazy\" \/>\t\t\t\t\t\t\t\t\t\t\t\t\t\t\t<\/div>\n\t\t\t\t<\/div>\n\t\t\t\t\t<\/div>\n\t\t\t\t<\/div>\n\t\t\t\t\t<\/div>\n\t\t\t\t<\/div>\n\t\t<div class=\"elementor-element elementor-element-f3f0ce5 e-flex e-con-boxed e-con e-parent\" data-id=\"f3f0ce5\" data-element_type=\"container\">\n\t\t\t\t\t<div class=\"e-con-inner\">\n\t\t\t\t<div class=\"elementor-element elementor-element-9138080 elementor-widget elementor-widget-google_maps\" data-id=\"9138080\" data-element_type=\"widget\" data-widget_type=\"google_maps.default\">\n\t\t\t\t\t\t\t<div class=\"elementor-custom-embed\">\n\t\t\t<iframe loading=\"lazy\"\n\t\t\t\t\tsrc=\"https:\/\/maps.google.com\/maps?q=Rte%20du%20Moulin%2056%2C%203977%20Granges&#038;t=m&#038;z=16&#038;output=embed&#038;iwloc=near\"\n\t\t\t\t\ttitle=\"Rte du Moulin 56, 3977 Granges\"\n\t\t\t\t\taria-label=\"Rte du Moulin 56, 3977 Granges\"\n\t\t\t><\/iframe>\n\t\t<\/div>\n\t\t\t\t\t\t<\/div>\n\t\t\t\t\t<\/div>\n\t\t\t\t<\/div>\n\t\t\t\t<\/div>","protected":false},"excerpt":{"rendered":"<p>MAGASINS Pour des ex\u00e9cutions plus exigeantes, un dialogue personnel peut s&rsquo;av\u00e9rer indispensable.Dans nos magasins, notre \u00e9quipe vous conseillera de fa\u00e7on comp\u00e9tente et efficace et vous expliquera nos diff\u00e9rentes possibilit\u00e9s.Elle vous proposera un choix de textiles haut de gamme ou \u00e9conomique selon votre budget. Mc SHIRT ZURICH Stampfenbachstrasse 42 8006 Zurich T\u00e9l. 044 261 29 39 [&hellip;]<\/p>","protected":false},"author":2,"featured_media":0,"parent":0,"menu_order":0,"comment_status":"closed","ping_status":"closed","template":"elementor_header_footer","meta":{"footnotes":""},"class_list":["post-29683","page","type-page","status-publish","hentry"],"_links":{"self":[{"href":"https:\/\/dev.mcshirt.ch\/de\/wp-json\/wp\/v2\/pages\/29683","targetHints":{"allow":["GET"]}}],"collection":[{"href":"https:\/\/dev.mcshirt.ch\/de\/wp-json\/wp\/v2\/pages"}],"about":[{"href":"https:\/\/dev.mcshirt.ch\/de\/wp-json\/wp\/v2\/types\/page"}],"author":[{"embeddable":true,"href":"https:\/\/dev.mcshirt.ch\/de\/wp-json\/wp\/v2\/users\/2"}],"replies":[{"embeddable":true,"href":"https:\/\/dev.mcshirt.ch\/de\/wp-json\/wp\/v2\/comments?post=29683"}],"version-history":[{"count":0,"href":"https:\/\/dev.mcshirt.ch\/de\/wp-json\/wp\/v2\/pages\/29683\/revisions"}],"wp:attachment":[{"href":"https:\/\/dev.mcshirt.ch\/de\/wp-json\/wp\/v2\/media?parent=29683"}],"curies":[{"name":"wp","href":"https:\/\/api.w.org\/{rel}","templated":true}]}}