{"id":30884,"date":"2024-01-22T15:00:11","date_gmt":"2024-01-22T14:00:11","guid":{"rendered":"https:\/\/dev.mcshirt.ch\/?page_id=30884"},"modified":"2024-11-05T11:52:59","modified_gmt":"2024-11-05T10:52:59","slug":"catalogues","status":"publish","type":"page","link":"https:\/\/dev.mcshirt.ch\/de\/catalogues\/","title":{"rendered":"Kataloge"},"content":{"rendered":"<div data-elementor-type=\"wp-page\" data-elementor-id=\"30884\" class=\"elementor elementor-30884\" data-elementor-post-type=\"page\">\n\t\t\t\t<div class=\"elementor-element elementor-element-a62773c e-flex e-con-boxed e-con e-parent\" data-id=\"a62773c\" data-element_type=\"container\" data-settings=\"{&quot;background_background&quot;:&quot;classic&quot;}\">\n\t\t\t\t\t<div class=\"e-con-inner\">\n\t\t\t\t<div class=\"elementor-element elementor-element-d66894b elementor-widget elementor-widget-heading\" data-id=\"d66894b\" data-element_type=\"widget\" data-widget_type=\"heading.default\">\n\t\t\t\t\t<h1 class=\"elementor-heading-title elementor-size-default\">CATALOGUES<\/h1>\t\t\t\t<\/div>\n\t\t\t\t\t<\/div>\n\t\t\t\t<\/div>\n\t\t<div class=\"elementor-element elementor-element-099c5a2 e-flex e-con-boxed e-con e-parent\" data-id=\"099c5a2\" data-element_type=\"container\">\n\t\t\t\t\t<div class=\"e-con-inner\">\n\t\t\t\t<div class=\"elementor-element elementor-element-e5e2165 elementor-widget elementor-widget-text-editor\" data-id=\"e5e2165\" data-element_type=\"widget\" data-widget_type=\"text-editor.default\">\n\t\t\t\t\t\t\t\t\t<p><span style=\"color: #000000;\">Entdecken Sie das gesamte Sortiment an Kleidung und Accessoires von unseren verschiedenen Lieferanten. <\/span><br \/><span style=\"color: #000000;\">Durchsuchen Sie unseren umfassenden Katalog mit einer Vielzahl von Produkten aus verschiedenen Quellen. <\/span><br \/><span style=\"color: #000000;\">Ob hochwertige Kleidung, spezielle Accessoires oder andere verwandte Artikel, unsere Auswahl deckt eine Vielzahl von Bed\u00fcrfnissen ab. <\/span><br \/><span style=\"color: #000000;\">Profitieren Sie von unserer umfangreichen Sucherfahrung, die es Ihnen erm\u00f6glicht, genau die technischen oder speziellen Artikel zu finden, die Sie suchen, und gleichzeitig sicherzustellen, dass Ihre Qualit\u00e4ts- und Leistungskriterien erf\u00fcllt werden.<\/span><\/p>\t\t\t\t\t\t\t\t<\/div>\n\t\t\t\t\t<\/div>\n\t\t\t\t<\/div>\n\t\t<div class=\"elementor-element elementor-element-3ba203b e-flex e-con-boxed e-con e-parent\" data-id=\"3ba203b\" data-element_type=\"container\">\n\t\t\t\t\t<div class=\"e-con-inner\">\n\t\t<div class=\"elementor-element elementor-element-1fa0478 e-con-full e-flex e-con e-child\" data-id=\"1fa0478\" data-element_type=\"container\">\n\t\t\t\t<div class=\"elementor-element elementor-element-f05ab99 elementor-widget elementor-widget-image\" data-id=\"f05ab99\" data-element_type=\"widget\" data-widget_type=\"image.default\">\n\t\t\t\t\t\t\t\t\t\t\t\t\t\t\t\t<a href=\"#elementor-action%3Aaction%3Dpopup%3Aopen%26settings%3DeyJpZCI6IjMxMTA4IiwidG9nZ2xlIjpmYWxzZX0%3D\">\n\t\t\t\t\t\t\t<img fetchpriority=\"high\" decoding=\"async\" width=\"750\" height=\"1024\" src=\"https:\/\/dev.mcshirt.ch\/wp-content\/uploads\/2024\/01\/catalogue1-1-750x1024.webp\" class=\"attachment-large size-large wp-image-30891\" alt=\"\" srcset=\"https:\/\/dev.mcshirt.ch\/wp-content\/uploads\/2024\/01\/catalogue1-1-750x1024.webp 750w, https:\/\/dev.mcshirt.ch\/wp-content\/uploads\/2024\/01\/catalogue1-1-220x300.webp 220w, https:\/\/dev.mcshirt.ch\/wp-content\/uploads\/2024\/01\/catalogue1-1-768x1048.webp 768w, https:\/\/dev.mcshirt.ch\/wp-content\/uploads\/2024\/01\/catalogue1-1-1125x1536.webp 1125w, https:\/\/dev.mcshirt.ch\/wp-content\/uploads\/2024\/01\/catalogue1-1-9x12.webp 9w, https:\/\/dev.mcshirt.ch\/wp-content\/uploads\/2024\/01\/catalogue1-1-600x819.webp 600w, https:\/\/dev.mcshirt.ch\/wp-content\/uploads\/2024\/01\/catalogue1-1.webp 1288w\" sizes=\"(max-width: 750px) 100vw, 750px\" \/>\t\t\t\t\t\t\t\t<\/a>\n\t\t\t\t\t\t\t\t\t\t\t\t\t\t\t<\/div>\n\t\t\t\t<\/div>\n\t\t<div class=\"elementor-element elementor-element-be382d3 e-con-full e-flex e-con e-child\" data-id=\"be382d3\" data-element_type=\"container\">\n\t\t\t\t<div class=\"elementor-element elementor-element-c7851bb elementor-widget elementor-widget-image\" data-id=\"c7851bb\" data-element_type=\"widget\" data-widget_type=\"image.default\">\n\t\t\t\t\t\t\t\t\t\t\t\t\t\t\t\t<a href=\"#elementor-action%3Aaction%3Dpopup%3Aopen%26settings%3DeyJpZCI6IjMxMTI5IiwidG9nZ2xlIjpmYWxzZX0%3D\">\n\t\t\t\t\t\t\t<img decoding=\"async\" width=\"750\" height=\"1024\" src=\"https:\/\/dev.mcshirt.ch\/wp-content\/uploads\/2024\/02\/cat3-750x1024-1.webp\" class=\"attachment-large size-large wp-image-31141\" alt=\"\" srcset=\"https:\/\/dev.mcshirt.ch\/wp-content\/uploads\/2024\/02\/cat3-750x1024-1.webp 750w, https:\/\/dev.mcshirt.ch\/wp-content\/uploads\/2024\/02\/cat3-750x1024-1-220x300.webp 220w, https:\/\/dev.mcshirt.ch\/wp-content\/uploads\/2024\/02\/cat3-750x1024-1-9x12.webp 9w, https:\/\/dev.mcshirt.ch\/wp-content\/uploads\/2024\/02\/cat3-750x1024-1-600x819.webp 600w\" sizes=\"(max-width: 750px) 100vw, 750px\" \/>\t\t\t\t\t\t\t\t<\/a>\n\t\t\t\t\t\t\t\t\t\t\t\t\t\t\t<\/div>\n\t\t\t\t<\/div>\n\t\t<div class=\"elementor-element elementor-element-660dd58 e-con-full e-flex e-con e-child\" data-id=\"660dd58\" data-element_type=\"container\">\n\t\t\t\t<div class=\"elementor-element elementor-element-1c4e335 elementor-widget elementor-widget-image\" data-id=\"1c4e335\" data-element_type=\"widget\" data-widget_type=\"image.default\">\n\t\t\t\t\t\t\t\t\t\t\t\t\t\t\t\t<a href=\"#elementor-action%3Aaction%3Dpopup%3Aopen%26settings%3DeyJpZCI6IjMxMjQ3IiwidG9nZ2xlIjpmYWxzZX0%3D\">\n\t\t\t\t\t\t\t<img decoding=\"async\" width=\"750\" height=\"1024\" src=\"https:\/\/dev.mcshirt.ch\/wp-content\/uploads\/2024\/02\/clique_2024.webp\" class=\"attachment-large size-large wp-image-31250\" alt=\"\" srcset=\"https:\/\/dev.mcshirt.ch\/wp-content\/uploads\/2024\/02\/clique_2024.webp 750w, https:\/\/dev.mcshirt.ch\/wp-content\/uploads\/2024\/02\/clique_2024-220x300.webp 220w, https:\/\/dev.mcshirt.ch\/wp-content\/uploads\/2024\/02\/clique_2024-9x12.webp 9w, https:\/\/dev.mcshirt.ch\/wp-content\/uploads\/2024\/02\/clique_2024-600x819.webp 600w\" sizes=\"(max-width: 750px) 100vw, 750px\" \/>\t\t\t\t\t\t\t\t<\/a>\n\t\t\t\t\t\t\t\t\t\t\t\t\t\t\t<\/div>\n\t\t\t\t<\/div>\n\t\t<div class=\"elementor-element elementor-element-b7ff54d e-con-full e-flex e-con e-child\" data-id=\"b7ff54d\" data-element_type=\"container\">\n\t\t\t\t<div class=\"elementor-element elementor-element-ece682a elementor-widget elementor-widget-image\" data-id=\"ece682a\" data-element_type=\"widget\" data-widget_type=\"image.default\">\n\t\t\t\t\t\t\t\t\t\t\t\t\t\t\t\t<a href=\"#elementor-action%3Aaction%3Dpopup%3Aopen%26settings%3DeyJpZCI6IjMxMjU2IiwidG9nZ2xlIjpmYWxzZX0%3D\">\n\t\t\t\t\t\t\t<img loading=\"lazy\" decoding=\"async\" width=\"750\" height=\"1024\" src=\"https:\/\/dev.mcshirt.ch\/wp-content\/uploads\/2024\/02\/hawis_2024.webp\" class=\"attachment-large size-large wp-image-31259\" alt=\"\" srcset=\"https:\/\/dev.mcshirt.ch\/wp-content\/uploads\/2024\/02\/hawis_2024.webp 750w, https:\/\/dev.mcshirt.ch\/wp-content\/uploads\/2024\/02\/hawis_2024-220x300.webp 220w, https:\/\/dev.mcshirt.ch\/wp-content\/uploads\/2024\/02\/hawis_2024-9x12.webp 9w, https:\/\/dev.mcshirt.ch\/wp-content\/uploads\/2024\/02\/hawis_2024-600x819.webp 600w\" sizes=\"(max-width: 750px) 100vw, 750px\" \/>\t\t\t\t\t\t\t\t<\/a>\n\t\t\t\t\t\t\t\t\t\t\t\t\t\t\t<\/div>\n\t\t\t\t<\/div>\n\t\t\t\t\t<\/div>\n\t\t\t\t<\/div>\n\t\t\t\t<\/div>","protected":false},"excerpt":{"rendered":"<p>CATALOGUES D\u00e9couvrez l&rsquo;int\u00e9gralit\u00e9 de la gamme d&rsquo;articles vestimentaires et d&rsquo;accessoires issus de nos divers fournisseurs. Parcourez notre catalogue exhaustif, regroupant une diversit\u00e9 de produits provenant de sources vari\u00e9es. Que ce soit des v\u00eatements de haute qualit\u00e9, des accessoires sp\u00e9cialis\u00e9s ou d&rsquo;autres articles connexes, notre s\u00e9lection r\u00e9pond \u00e0 une multitude de besoins. Profitez d&rsquo;une exp\u00e9rience de [&hellip;]<\/p>","protected":false},"author":2,"featured_media":0,"parent":0,"menu_order":0,"comment_status":"closed","ping_status":"closed","template":"elementor_header_footer","meta":{"footnotes":""},"class_list":["post-30884","page","type-page","status-publish","hentry"],"_links":{"self":[{"href":"https:\/\/dev.mcshirt.ch\/de\/wp-json\/wp\/v2\/pages\/30884","targetHints":{"allow":["GET"]}}],"collection":[{"href":"https:\/\/dev.mcshirt.ch\/de\/wp-json\/wp\/v2\/pages"}],"about":[{"href":"https:\/\/dev.mcshirt.ch\/de\/wp-json\/wp\/v2\/types\/page"}],"author":[{"embeddable":true,"href":"https:\/\/dev.mcshirt.ch\/de\/wp-json\/wp\/v2\/users\/2"}],"replies":[{"embeddable":true,"href":"https:\/\/dev.mcshirt.ch\/de\/wp-json\/wp\/v2\/comments?post=30884"}],"version-history":[{"count":0,"href":"https:\/\/dev.mcshirt.ch\/de\/wp-json\/wp\/v2\/pages\/30884\/revisions"}],"wp:attachment":[{"href":"https:\/\/dev.mcshirt.ch\/de\/wp-json\/wp\/v2\/media?parent=30884"}],"curies":[{"name":"wp","href":"https:\/\/api.w.org\/{rel}","templated":true}]}}