{"id":41998,"date":"2024-12-08T18:47:12","date_gmt":"2024-12-08T17:47:12","guid":{"rendered":"https:\/\/dev.mcshirt.ch\/?post_type=product&#038;p=41998"},"modified":"2025-02-19T17:38:25","modified_gmt":"2025-02-19T16:38:25","slug":"chaise-danimaux-de-compagnie-diny","status":"publish","type":"product","link":"https:\/\/dev.mcshirt.ch\/de\/produkt\/chaise-danimaux-de-compagnie-diny\/","title":{"rendered":"Chaise d&rsquo;Animaux de Compagnie Diny"},"content":{"rendered":"<p>Chaise d&rsquo;animaux de compagnie ing\u00e9nieuse, avec structure en bois solide et si\u00e8ge en tissu confortable canvas, finition douce et r\u00e9sistante. Con\u00e7u pour un repos optimal des animaux de compagnie et avec diff\u00e9rents niveaux de hauteur. Pr\u00e9sent\u00e9e dans une bo\u00eete individuelle kraft.<\/p>\n<p>47 x 38.5 x 37 cm | 785 gr.<\/p>","protected":false},"excerpt":{"rendered":"<p>Chaise d&rsquo;animaux de compagnie ing\u00e9nieuse, avec structure en bois solide et si\u00e8ge en tissu confortable canvas, finition douce et r\u00e9sistante. Con\u00e7u pour un repos optimal des animaux de compagnie et avec diff\u00e9rents niveaux de hauteur. Pr\u00e9sent\u00e9e dans une bo\u00eete individuelle kraft. 47 x 38.5 x 37 cm | 785 gr.<\/p>","protected":false},"featured_media":42050,"template":"","meta":[],"product_brand":[],"product_cat":[903,229],"product_tag":[],"class_list":{"0":"post-41998","1":"product","2":"type-product","3":"status-publish","4":"has-post-thumbnail","6":"product_cat-animaux","7":"product_cat-accessoires","9":"first","10":"instock","11":"shipping-taxable","12":"purchasable","13":"product-type-variable","14":"has-default-attributes","15":"product-type-zakeke","16":"product-type-external"},"_links":{"self":[{"href":"https:\/\/dev.mcshirt.ch\/de\/wp-json\/wp\/v2\/product\/41998","targetHints":{"allow":["GET"]}}],"collection":[{"href":"https:\/\/dev.mcshirt.ch\/de\/wp-json\/wp\/v2\/product"}],"about":[{"href":"https:\/\/dev.mcshirt.ch\/de\/wp-json\/wp\/v2\/types\/product"}],"wp:featuredmedia":[{"embeddable":true,"href":"https:\/\/dev.mcshirt.ch\/de\/wp-json\/wp\/v2\/media\/42050"}],"wp:attachment":[{"href":"https:\/\/dev.mcshirt.ch\/de\/wp-json\/wp\/v2\/media?parent=41998"}],"wp:term":[{"taxonomy":"product_brand","embeddable":true,"href":"https:\/\/dev.mcshirt.ch\/de\/wp-json\/wp\/v2\/product_brand?post=41998"},{"taxonomy":"product_cat","embeddable":true,"href":"https:\/\/dev.mcshirt.ch\/de\/wp-json\/wp\/v2\/product_cat?post=41998"},{"taxonomy":"product_tag","embeddable":true,"href":"https:\/\/dev.mcshirt.ch\/de\/wp-json\/wp\/v2\/product_tag?post=41998"}],"curies":[{"name":"wp","href":"https:\/\/api.w.org\/{rel}","templated":true}]}}