{"id":42001,"date":"2024-12-08T18:47:52","date_gmt":"2024-12-08T17:47:52","guid":{"rendered":"https:\/\/dev.mcshirt.ch\/?post_type=product&#038;p=42001"},"modified":"2025-02-19T17:42:11","modified_gmt":"2025-02-19T16:42:11","slug":"serviette-animaux-de-compagnie-yelyn","status":"publish","type":"product","link":"https:\/\/dev.mcshirt.ch\/de\/produkt\/serviette-animaux-de-compagnie-yelyn\/","title":{"rendered":"Serviette Animaux de Compagnie Yelyn"},"content":{"rendered":"<p>Serviette pour animaux de compagnie en polyester r\u00e9sistant 160g\/m2. Mesure 66 x 106 cm, avec deux poches pratiques pour les mains, facilitant ainsi le s\u00e9chage de l&rsquo;animal. Pr\u00e9sentation sous housse individuelle en filet avec fermeture \u00e0 cordon et ajusteur.<\/p>","protected":false},"excerpt":{"rendered":"<p>Serviette pour animaux de compagnie en polyester r\u00e9sistant 160g\/m2. Mesure 66 x 106 cm, avec deux poches pratiques pour les mains, facilitant ainsi le s\u00e9chage de l&rsquo;animal. Pr\u00e9sentation sous housse individuelle en filet avec fermeture \u00e0 cordon et ajusteur.<\/p>","protected":false},"featured_media":42051,"template":"","meta":[],"product_brand":[],"product_cat":[903,229],"product_tag":[],"class_list":{"0":"post-42001","1":"product","2":"type-product","3":"status-publish","4":"has-post-thumbnail","6":"product_cat-animaux","7":"product_cat-accessoires","9":"first","10":"instock","11":"shipping-taxable","12":"purchasable","13":"product-type-variable","14":"has-default-attributes","15":"product-type-zakeke","16":"product-type-external"},"_links":{"self":[{"href":"https:\/\/dev.mcshirt.ch\/de\/wp-json\/wp\/v2\/product\/42001","targetHints":{"allow":["GET"]}}],"collection":[{"href":"https:\/\/dev.mcshirt.ch\/de\/wp-json\/wp\/v2\/product"}],"about":[{"href":"https:\/\/dev.mcshirt.ch\/de\/wp-json\/wp\/v2\/types\/product"}],"wp:featuredmedia":[{"embeddable":true,"href":"https:\/\/dev.mcshirt.ch\/de\/wp-json\/wp\/v2\/media\/42051"}],"wp:attachment":[{"href":"https:\/\/dev.mcshirt.ch\/de\/wp-json\/wp\/v2\/media?parent=42001"}],"wp:term":[{"taxonomy":"product_brand","embeddable":true,"href":"https:\/\/dev.mcshirt.ch\/de\/wp-json\/wp\/v2\/product_brand?post=42001"},{"taxonomy":"product_cat","embeddable":true,"href":"https:\/\/dev.mcshirt.ch\/de\/wp-json\/wp\/v2\/product_cat?post=42001"},{"taxonomy":"product_tag","embeddable":true,"href":"https:\/\/dev.mcshirt.ch\/de\/wp-json\/wp\/v2\/product_tag?post=42001"}],"curies":[{"name":"wp","href":"https:\/\/api.w.org\/{rel}","templated":true}]}}